{"id":2,"date":"2025-05-15T08:28:13","date_gmt":"2025-05-15T08:28:13","guid":{"rendered":"https:\/\/bemer.ee\/?page_id=2"},"modified":"2025-05-31T07:26:06","modified_gmt":"2025-05-31T04:26:06","slug":"sample-page","status":"publish","type":"page","link":"https:\/\/bemer.ee\/fi\/","title":{"rendered":"Etusivu"},"content":{"rendered":"<style>.kb-row-layout-id2_906ac8-07 > .kt-row-column-wrap{align-content:start;}:where(.kb-row-layout-id2_906ac8-07 > .kt-row-column-wrap) > .wp-block-kadence-column{justify-content:start;}.kb-row-layout-id2_906ac8-07 > .kt-row-column-wrap{column-gap:var(--global-kb-gap-md, 2rem);row-gap:var(--global-kb-gap-md, 2rem);max-width:var( --global-content-width, 1290px );padding-left:var(--global-content-edge-padding);padding-right:var(--global-content-edge-padding);padding-top:var(--global-kb-spacing-5xl, 10rem);padding-bottom:var(--global-kb-spacing-xl, 4rem);grid-template-columns:minmax(0, 1fr);}.kb-row-layout-id2_906ac8-07{background-image:url('https:\/\/bemer.ee\/wp-content\/uploads\/2025\/05\/kuvia-esitteista-37-scaled-e1748246720286.jpg');background-size:cover;background-position:52% 22%;background-attachment:scroll;background-repeat:no-repeat;}.kb-row-layout-id2_906ac8-07 > .kt-row-layout-overlay{opacity:0.00;background:linear-gradient(5deg,rgba(8,65,99,0) 0%,rgb(243,243,246) 100%);}@media all and (max-width: 1024px){.kb-row-layout-id2_906ac8-07 > .kt-row-column-wrap{grid-template-columns:minmax(0, 1fr);}}@media all and (max-width: 767px){.kb-row-layout-id2_906ac8-07 > .kt-row-column-wrap{grid-template-columns:minmax(0, 1fr);}}<\/style><div class=\"kb-row-layout-wrap kb-row-layout-id2_906ac8-07 alignfull kt-row-has-bg wp-block-kadence-rowlayout\"><div class=\"kt-row-layout-overlay kt-row-overlay-gradient\"><\/div><div class=\"kt-row-column-wrap kt-has-1-columns kt-row-layout-equal kt-tab-layout-inherit kt-mobile-layout-row kt-row-valign-top kb-theme-content-width\">\n<style>.kadence-column2_f0b6ec-a3 > .kt-inside-inner-col,.kadence-column2_f0b6ec-a3 > .kt-inside-inner-col:before{border-top-left-radius:0px;border-top-right-radius:0px;border-bottom-right-radius:0px;border-bottom-left-radius:0px;}.kadence-column2_f0b6ec-a3 > .kt-inside-inner-col{column-gap:var(--global-kb-gap-sm, 1rem);}.kadence-column2_f0b6ec-a3 > .kt-inside-inner-col{flex-direction:column;}.kadence-column2_f0b6ec-a3 > .kt-inside-inner-col > .aligncenter{width:100%;}.kadence-column2_f0b6ec-a3 > .kt-inside-inner-col:before{opacity:0.3;}.kadence-column2_f0b6ec-a3{position:relative;}@media all and (max-width: 1024px){.kadence-column2_f0b6ec-a3 > .kt-inside-inner-col{flex-direction:column;justify-content:center;}}@media all and (max-width: 767px){.kadence-column2_f0b6ec-a3 > .kt-inside-inner-col{flex-direction:column;justify-content:center;}}<\/style>\n<div class=\"wp-block-kadence-column kadence-column2_f0b6ec-a3\"><div class=\"kt-inside-inner-col\"><style>.kb-row-layout-id2_ec14f9-80 > .kt-row-column-wrap{align-content:start;}:where(.kb-row-layout-id2_ec14f9-80 > .kt-row-column-wrap) > .wp-block-kadence-column{justify-content:start;}.kb-row-layout-id2_ec14f9-80 > .kt-row-column-wrap{column-gap:var(--global-kb-gap-md, 2rem);row-gap:var(--global-kb-gap-md, 2rem);padding-bottom:var(--global-kb-spacing-sm, 1.5rem);grid-template-columns:minmax(0, calc(35.5% - ((var(--global-kb-gap-md, 2rem) * 1 )\/2)))minmax(0, calc(64.5% - ((var(--global-kb-gap-md, 2rem) * 1 )\/2)));}.kb-row-layout-id2_ec14f9-80 > .kt-row-layout-overlay{opacity:0.00;}@media all and (max-width: 1024px){.kb-row-layout-id2_ec14f9-80 > .kt-row-column-wrap{grid-template-columns:repeat(2, minmax(0, 1fr));}}@media all and (max-width: 767px){.kb-row-layout-id2_ec14f9-80 > .kt-row-column-wrap{grid-template-columns:minmax(0, 1fr);}}<\/style><div class=\"kb-row-layout-wrap kb-row-layout-id2_ec14f9-80 alignnone wp-block-kadence-rowlayout\"><div class=\"kt-row-column-wrap kt-has-2-columns kt-row-layout-equal kt-tab-layout-inherit kt-mobile-layout-row kt-row-valign-top\">\n<style>.kadence-column2_965b2e-b1 > .kt-inside-inner-col{padding-top:var(--global-kb-spacing-sm, 1.5rem);padding-right:var(--global-kb-spacing-sm, 1.5rem);padding-bottom:var(--global-kb-spacing-sm, 1.5rem);padding-left:var(--global-kb-spacing-sm, 1.5rem);}.kadence-column2_965b2e-b1 > .kt-inside-inner-col,.kadence-column2_965b2e-b1 > .kt-inside-inner-col:before{border-top-left-radius:22px;border-top-right-radius:22px;border-bottom-right-radius:22px;border-bottom-left-radius:22px;}.kadence-column2_965b2e-b1 > .kt-inside-inner-col{column-gap:var(--global-kb-gap-sm, 1rem);}.kadence-column2_965b2e-b1 > .kt-inside-inner-col{flex-direction:column;}.kadence-column2_965b2e-b1 > .kt-inside-inner-col > .aligncenter{width:100%;}.kadence-column2_965b2e-b1 > .kt-inside-inner-col{background-color:rgba(236, 227, 220, 0.87);}.kadence-column2_965b2e-b1 > .kt-inside-inner-col:before{opacity:0.3;}.kadence-column2_965b2e-b1{position:relative;}@media all and (max-width: 1024px){.kadence-column2_965b2e-b1 > .kt-inside-inner-col{flex-direction:column;justify-content:center;}}@media all and (max-width: 767px){.kadence-column2_965b2e-b1 > .kt-inside-inner-col{flex-direction:column;justify-content:center;}}<\/style>\n<div class=\"wp-block-kadence-column kadence-column2_965b2e-b1\"><div class=\"kt-inside-inner-col\"><style>.wp-block-kadence-advancedheading.kt-adv-heading2_705d9e-3a, .wp-block-kadence-advancedheading.kt-adv-heading2_705d9e-3a[data-kb-block=\"kb-adv-heading2_705d9e-3a\"]{text-align:left;font-size:40px;font-style:normal;}.wp-block-kadence-advancedheading.kt-adv-heading2_705d9e-3a mark.kt-highlight, .wp-block-kadence-advancedheading.kt-adv-heading2_705d9e-3a[data-kb-block=\"kb-adv-heading2_705d9e-3a\"] mark.kt-highlight{font-style:normal;color:#f76a0c;-webkit-box-decoration-break:clone;box-decoration-break:clone;padding-top:0px;padding-right:0px;padding-bottom:0px;padding-left:0px;}.wp-block-kadence-advancedheading.kt-adv-heading2_705d9e-3a img.kb-inline-image, .wp-block-kadence-advancedheading.kt-adv-heading2_705d9e-3a[data-kb-block=\"kb-adv-heading2_705d9e-3a\"] img.kb-inline-image{width:150px;vertical-align:baseline;}<\/style>\n<h1 class=\"kt-adv-heading2_705d9e-3a wp-block-kadence-advancedheading\" data-kb-block=\"kb-adv-heading2_705d9e-3a\">BEMER <br>\u2013 Elinvoimaa ja hyvinvointia <br>2 x 8 min p\u00e4ivitt\u00e4in<\/h1>\n\n\n<style>.wp-block-kadence-advancedheading.kt-adv-heading2_9926a5-10, .wp-block-kadence-advancedheading.kt-adv-heading2_9926a5-10[data-kb-block=\"kb-adv-heading2_9926a5-10\"]{font-size:24px;font-style:normal;}.wp-block-kadence-advancedheading.kt-adv-heading2_9926a5-10 mark.kt-highlight, .wp-block-kadence-advancedheading.kt-adv-heading2_9926a5-10[data-kb-block=\"kb-adv-heading2_9926a5-10\"] mark.kt-highlight{font-style:normal;color:#f76a0c;-webkit-box-decoration-break:clone;box-decoration-break:clone;padding-top:0px;padding-right:0px;padding-bottom:0px;padding-left:0px;}.wp-block-kadence-advancedheading.kt-adv-heading2_9926a5-10 img.kb-inline-image, .wp-block-kadence-advancedheading.kt-adv-heading2_9926a5-10[data-kb-block=\"kb-adv-heading2_9926a5-10\"] img.kb-inline-image{width:150px;vertical-align:baseline;}<\/style>\n<h2 class=\"kt-adv-heading2_9926a5-10 wp-block-kadence-advancedheading\" data-kb-block=\"kb-adv-heading2_9926a5-10\">Haluatko voida paremmin, palautua nopeammin ja nukkua hyvin \u2013 luonnollisesti, ilman l\u00e4\u00e4kkeit\u00e4?<\/h2>\n<\/div><\/div>\n\n\n<style>.kadence-column2_bc132e-9a > .kt-inside-inner-col,.kadence-column2_bc132e-9a > .kt-inside-inner-col:before{border-top-left-radius:0px;border-top-right-radius:0px;border-bottom-right-radius:0px;border-bottom-left-radius:0px;}.kadence-column2_bc132e-9a > .kt-inside-inner-col{column-gap:var(--global-kb-gap-sm, 1rem);}.kadence-column2_bc132e-9a > .kt-inside-inner-col{flex-direction:column;}.kadence-column2_bc132e-9a > .kt-inside-inner-col > .aligncenter{width:100%;}.kadence-column2_bc132e-9a > .kt-inside-inner-col:before{opacity:0.3;}.kadence-column2_bc132e-9a{position:relative;}@media all and (max-width: 1024px){.kadence-column2_bc132e-9a > .kt-inside-inner-col{flex-direction:column;justify-content:center;}}@media all and (max-width: 767px){.kadence-column2_bc132e-9a > .kt-inside-inner-col{flex-direction:column;justify-content:center;}}<\/style>\n<div class=\"wp-block-kadence-column kadence-column2_bc132e-9a\"><div class=\"kt-inside-inner-col\"><\/div><\/div>\n\n<\/div><\/div>\n\n<style>.wp-block-kadence-spacer.kt-block-spacer-2_e77779-28 .kt-block-spacer{height:20px;}.wp-block-kadence-spacer.kt-block-spacer-2_e77779-28 .kt-divider{border-top-width:1px;height:1px;border-top-color:#eee;width:80%;border-top-style:solid;}<\/style>\n<div class=\"wp-block-kadence-spacer aligncenter kt-block-spacer-2_e77779-28\"><div class=\"kt-block-spacer kt-block-spacer-halign-center\"><\/div><\/div>\n<\/div><\/div>\n\n<\/div><\/div>\n\n<style>.kb-row-layout-id2_9a2b85-e1 > .kt-row-column-wrap{align-content:start;}:where(.kb-row-layout-id2_9a2b85-e1 > .kt-row-column-wrap) > .wp-block-kadence-column{justify-content:start;}.kb-row-layout-id2_9a2b85-e1 > .kt-row-column-wrap{column-gap:var(--global-kb-gap-md, 2rem);row-gap:var(--global-kb-gap-md, 2rem);padding-top:var(--global-kb-spacing-5xl, 10rem);padding-bottom:var(--global-kb-spacing-xl, 4rem);}.kb-row-layout-id2_9a2b85-e1 > .kt-row-column-wrap > div:not(.added-for-specificity){grid-column:initial;}.kb-row-layout-id2_9a2b85-e1 > .kt-row-column-wrap{grid-template-columns:repeat(3, minmax(0, 1fr));}.kb-row-layout-id2_9a2b85-e1 > .kt-row-layout-overlay{opacity:0.30;}@media all and (max-width: 1024px){.kb-row-layout-id2_9a2b85-e1 > .kt-row-column-wrap > div:not(.added-for-specificity){grid-column:initial;}}@media all and (max-width: 1024px){.kb-row-layout-id2_9a2b85-e1 > .kt-row-column-wrap{grid-template-columns:repeat(3, minmax(0, 1fr));}}@media all and (max-width: 767px){.kb-row-layout-id2_9a2b85-e1 > .kt-row-column-wrap > div:not(.added-for-specificity){grid-column:initial;}.kb-row-layout-id2_9a2b85-e1 > .kt-row-column-wrap{grid-template-columns:minmax(0, 1fr);}}<\/style><div class=\"kb-row-layout-wrap kb-row-layout-id2_9a2b85-e1 alignnone wp-block-kadence-rowlayout\"><div class=\"kt-row-column-wrap kt-has-3-columns kt-row-layout-equal kt-tab-layout-inherit kt-mobile-layout-row kt-row-valign-top\">\n<style>.kadence-column2_8e31ac-52 > .kt-inside-inner-col,.kadence-column2_8e31ac-52 > .kt-inside-inner-col:before{border-top-left-radius:0px;border-top-right-radius:0px;border-bottom-right-radius:0px;border-bottom-left-radius:0px;}.kadence-column2_8e31ac-52 > .kt-inside-inner-col{column-gap:var(--global-kb-gap-sm, 1rem);}.kadence-column2_8e31ac-52 > .kt-inside-inner-col{flex-direction:column;}.kadence-column2_8e31ac-52 > .kt-inside-inner-col > .aligncenter{width:100%;}.kadence-column2_8e31ac-52 > .kt-inside-inner-col:before{opacity:0.3;}.kadence-column2_8e31ac-52{position:relative;}@media all and (max-width: 1024px){.kadence-column2_8e31ac-52 > .kt-inside-inner-col{flex-direction:column;justify-content:center;}}@media all and (max-width: 767px){.kadence-column2_8e31ac-52 > .kt-inside-inner-col{flex-direction:column;justify-content:center;}}<\/style>\n<div class=\"wp-block-kadence-column kadence-column2_8e31ac-52\"><div class=\"kt-inside-inner-col\">\n<h2 class=\"wp-block-heading\">Mit\u00e4 hy\u00f6ty\u00e4 BEMER-terapiasta voi olla?<\/h2>\n\n\n\n<ul class=\"wp-block-list\">\n<li>Enemm\u00e4n energiaa arkeen ja liikuntaan<\/li>\n\n\n\n<li>Nopeampi palautuminen fyysisest\u00e4 tai henkisest\u00e4 rasituksesta<\/li>\n\n\n\n<li>Parempi uni ja syvempi rentoutuminen<\/li>\n\n\n\n<li>Lihaskipujen, s\u00e4rkyjen ja j\u00e4ykkyyksien lieventyminen<\/li>\n\n\n\n<li>Toimintakyvyn ja hyvinvoinnin&nbsp;s\u00e4ilytt\u00e4minen my\u00f6s&nbsp;ik\u00e4\u00e4ntyess\u00e4<\/li>\n<\/ul>\n\n\n\n<p><\/p>\n<\/div><\/div>\n\n\n<style>.kadence-column2_af9903-17 > .kt-inside-inner-col,.kadence-column2_af9903-17 > .kt-inside-inner-col:before{border-top-left-radius:0px;border-top-right-radius:0px;border-bottom-right-radius:0px;border-bottom-left-radius:0px;}.kadence-column2_af9903-17 > .kt-inside-inner-col{column-gap:var(--global-kb-gap-sm, 1rem);}.kadence-column2_af9903-17 > .kt-inside-inner-col{flex-direction:column;}.kadence-column2_af9903-17 > .kt-inside-inner-col > .aligncenter{width:100%;}.kadence-column2_af9903-17 > .kt-inside-inner-col:before{opacity:0.3;}.kadence-column2_af9903-17{position:relative;}@media all and (max-width: 1024px){.kadence-column2_af9903-17 > .kt-inside-inner-col{flex-direction:column;justify-content:center;}}@media all and (max-width: 767px){.kadence-column2_af9903-17 > .kt-inside-inner-col{flex-direction:column;justify-content:center;}}<\/style>\n<div class=\"wp-block-kadence-column kadence-column2_af9903-17\"><div class=\"kt-inside-inner-col\">\n<h2 class=\"wp-block-heading\">Miten BEMER toimii?<\/h2>\n\n\n\n<p>BEMER vaikuttaa mikroverenkiertoon, joka on koko kehon aineenvaihdunnan ja hyvinvoinnin perusta. Kun mikroverenkierto toimii paremmin, my\u00f6s keho voi paremmin.<\/p>\n\n\n\n<p><a href=\"https:\/\/bemer.ee\/kuinka-bemer-hoito-toimii\/\" data-type=\"page\" data-id=\"14\">Lue tarkemmin, miten BEMER-terapia toimii \u203a<\/a><\/p>\n<\/div><\/div>\n\n\n<style>.kadence-column2_0f285c-b4 > .kt-inside-inner-col,.kadence-column2_0f285c-b4 > .kt-inside-inner-col:before{border-top-left-radius:0px;border-top-right-radius:0px;border-bottom-right-radius:0px;border-bottom-left-radius:0px;}.kadence-column2_0f285c-b4 > .kt-inside-inner-col{column-gap:var(--global-kb-gap-sm, 1rem);}.kadence-column2_0f285c-b4 > .kt-inside-inner-col{flex-direction:column;}.kadence-column2_0f285c-b4 > .kt-inside-inner-col > .aligncenter{width:100%;}.kadence-column2_0f285c-b4 > .kt-inside-inner-col:before{opacity:0.3;}.kadence-column2_0f285c-b4{position:relative;}@media all and (max-width: 1024px){.kadence-column2_0f285c-b4 > .kt-inside-inner-col{flex-direction:column;justify-content:center;}}@media all and (max-width: 767px){.kadence-column2_0f285c-b4 > .kt-inside-inner-col{flex-direction:column;justify-content:center;}}<\/style>\n<div class=\"wp-block-kadence-column kadence-column2_0f285c-b4\"><div class=\"kt-inside-inner-col\">\n<h2 class=\"wp-block-heading\">Tutkitusti turvallinen ja tehokas<\/h2>\n\n\n\n<ul class=\"wp-block-list\">\n<li>Sertifioitu l\u00e4\u00e4kinn\u00e4llinen laite (EU MDR ja USA FDA)<\/li>\n\n\n\n<li>30 tieteellist\u00e4 julkaisua PubMed-tietokannassa<\/li>\n<\/ul>\n\n\n\n<p><a href=\"https:\/\/hellisolujasi.fi\/wp-content\/uploads\/2024\/05\/PubMed-studies-2023_28kpl.pdf\" target=\"_blank\" rel=\"noreferrer noopener\">Tutustu tutkimuksiin \u203a<\/a><\/p>\n<\/div><\/div>\n\n<\/div><\/div>\n\n<style>.kb-row-layout-id2_cfeec5-ed > .kt-row-column-wrap{align-content:start;}:where(.kb-row-layout-id2_cfeec5-ed > .kt-row-column-wrap) > .wp-block-kadence-column{justify-content:start;}.kb-row-layout-id2_cfeec5-ed > .kt-row-column-wrap{column-gap:var(--global-kb-gap-md, 2rem);row-gap:var(--global-kb-gap-md, 2rem);padding-top:var(--global-kb-spacing-sm, 1.5rem);padding-bottom:var(--global-kb-spacing-5xl, 10rem);grid-template-columns:minmax(0, 1fr);}.kb-row-layout-id2_cfeec5-ed{border-top-left-radius:20px;border-top-right-radius:20px;border-bottom-right-radius:20px;border-bottom-left-radius:20px;overflow:clip;isolation:isolate;}.kb-row-layout-id2_cfeec5-ed > .kt-row-layout-overlay{border-top-left-radius:20px;border-top-right-radius:20px;border-bottom-right-radius:20px;border-bottom-left-radius:20px;}.kb-row-layout-id2_cfeec5-ed{background-image:url('https:\/\/bemer.ee\/wp-content\/uploads\/2025\/05\/kuvia-esitteista-29.jpg');background-size:cover;background-position:center center;background-attachment:scroll;background-repeat:no-repeat;}.kb-row-layout-id2_cfeec5-ed > .kt-row-layout-overlay{opacity:0.30;}@media all and (max-width: 1024px){.kb-row-layout-id2_cfeec5-ed > .kt-row-column-wrap{grid-template-columns:minmax(0, 1fr);}}@media all and (max-width: 767px){.kb-row-layout-id2_cfeec5-ed > .kt-row-column-wrap{grid-template-columns:minmax(0, 1fr);}}<\/style><div class=\"kb-row-layout-wrap kb-row-layout-id2_cfeec5-ed alignnone has-theme-palette7-background-color kt-row-has-bg wp-block-kadence-rowlayout\"><div class=\"kt-row-column-wrap kt-has-1-columns kt-row-layout-equal kt-tab-layout-inherit kt-mobile-layout-row kt-row-valign-top\">\n<style>.kadence-column2_66a64f-d3 > .kt-inside-inner-col,.kadence-column2_66a64f-d3 > .kt-inside-inner-col:before{border-top-left-radius:0px;border-top-right-radius:0px;border-bottom-right-radius:0px;border-bottom-left-radius:0px;}.kadence-column2_66a64f-d3 > .kt-inside-inner-col{column-gap:var(--global-kb-gap-sm, 1rem);}.kadence-column2_66a64f-d3 > .kt-inside-inner-col{flex-direction:column;}.kadence-column2_66a64f-d3 > .kt-inside-inner-col > .aligncenter{width:100%;}.kadence-column2_66a64f-d3 > .kt-inside-inner-col:before{opacity:0.3;}.kadence-column2_66a64f-d3{position:relative;}@media all and (max-width: 1024px){.kadence-column2_66a64f-d3 > .kt-inside-inner-col{flex-direction:column;justify-content:center;}}@media all and (max-width: 767px){.kadence-column2_66a64f-d3 > .kt-inside-inner-col{flex-direction:column;justify-content:center;}}<\/style>\n<div class=\"wp-block-kadence-column kadence-column2_66a64f-d3\"><div class=\"kt-inside-inner-col\">\n<h2 class=\"wp-block-heading has-text-align-center\">BEMER \u2013 luonnollinen tapa vahvistaa hyvinvointiasi.<\/h2>\n\n\n<style>.wp-block-kadence-advancedbtn.kb-btns2_067187-97{gap:var(--global-kb-gap-xs, 0.5rem );justify-content:center;align-items:center;}.kt-btns2_067187-97 .kt-button{font-weight:normal;font-style:normal;}.kt-btns2_067187-97 .kt-btn-wrap-0{margin-right:5px;}.wp-block-kadence-advancedbtn.kt-btns2_067187-97 .kt-btn-wrap-0 .kt-button{color:#555555;border-color:#555555;}.wp-block-kadence-advancedbtn.kt-btns2_067187-97 .kt-btn-wrap-0 .kt-button:hover, .wp-block-kadence-advancedbtn.kt-btns2_067187-97 .kt-btn-wrap-0 .kt-button:focus{color:#ffffff;border-color:#444444;}.wp-block-kadence-advancedbtn.kt-btns2_067187-97 .kt-btn-wrap-0 .kt-button::before{display:none;}.wp-block-kadence-advancedbtn.kt-btns2_067187-97 .kt-btn-wrap-0 .kt-button:hover, .wp-block-kadence-advancedbtn.kt-btns2_067187-97 .kt-btn-wrap-0 .kt-button:focus{background:#444444;}<\/style>\n<div class=\"wp-block-kadence-advancedbtn kb-buttons-wrap kb-btns2_067187-97\"><style>ul.menu .wp-block-kadence-advancedbtn .kb-btn2_efa345-50.kb-button{width:initial;}<\/style><a class=\"kb-button kt-button button kb-btn2_efa345-50 kt-btn-size-standard kt-btn-width-type-auto kb-btn-global-fill  kt-btn-has-text-true kt-btn-has-svg-false  wp-block-kadence-singlebtn\" href=\"https:\/\/bemer.ee\/yhteystiedot\/\"><span class=\"kt-btn-inner-text\">Tilaa maksuton esittely \u203a<\/span><\/a>\n\n<style>ul.menu .wp-block-kadence-advancedbtn .kb-btn2_fb4d1a-2d.kb-button{width:initial;}<\/style><a class=\"kb-button kt-button button kb-btn2_fb4d1a-2d kt-btn-size-standard kt-btn-width-type-auto kb-btn-global-fill  kt-btn-has-text-true kt-btn-has-svg-false  wp-block-kadence-singlebtn\" href=\"https:\/\/bemer.ee\/ryhdy-kumppaniksi\/\"><span class=\"kt-btn-inner-text\">Tutustu kumppanuusmahdollisuuksiin \u203a<\/span><\/a><\/div>\n\n\n<style>.wp-block-kadence-spacer.kt-block-spacer-2_b91fd4-33 .kt-block-spacer{height:563px;}.wp-block-kadence-spacer.kt-block-spacer-2_b91fd4-33 .kt-divider{border-top-width:1px;height:1px;border-top-color:#eee;width:80%;border-top-style:solid;}<\/style>\n<div class=\"wp-block-kadence-spacer aligncenter kt-block-spacer-2_b91fd4-33\"><div class=\"kt-block-spacer kt-block-spacer-halign-center\"><\/div><\/div>\n<\/div><\/div>\n\n<\/div><\/div>\n\n\n<p><\/p>\n","protected":false},"excerpt":{"rendered":"<p>BEMER \u2013 Elinvoimaa ja hyvinvointia 2 x 8 min p\u00e4ivitt\u00e4in Haluatko voida paremmin, palautua nopeammin ja nukkua hyvin \u2013 luonnollisesti, ilman l\u00e4\u00e4kkeit\u00e4? Mit\u00e4 hy\u00f6ty\u00e4 BEMER-terapiasta voi olla? Miten BEMER toimii? BEMER vaikuttaa mikroverenkiertoon, joka on koko kehon aineenvaihdunnan ja hyvinvoinnin perusta. Kun mikroverenkierto toimii paremmin, my\u00f6s keho voi paremmin. Lue tarkemmin, miten BEMER-terapia toimii \u203a&#8230;<\/p>\n","protected":false},"author":1,"featured_media":0,"parent":0,"menu_order":0,"comment_status":"closed","ping_status":"open","template":"","meta":{"inline_featured_image":false,"_kad_blocks_custom_css":"","_kad_blocks_head_custom_js":"","_kad_blocks_body_custom_js":"","_kad_blocks_footer_custom_js":"","_kad_post_transparent":"","_kad_post_title":"","_kad_post_layout":"","_kad_post_sidebar_id":"","_kad_post_content_style":"","_kad_post_vertical_padding":"","_kad_post_feature":"","_kad_post_feature_position":"","_kad_post_header":false,"_kad_post_footer":false,"_kad_post_classname":"","footnotes":""},"class_list":["post-2","page","type-page","status-publish","hentry"],"taxonomy_info":[],"featured_image_src_large":false,"author_info":{"display_name":"admin","author_link":"https:\/\/bemer.ee\/fi\/author\/nilskampe_n33nab6k\/"},"comment_info":0,"_links":{"self":[{"href":"https:\/\/bemer.ee\/fi\/wp-json\/wp\/v2\/pages\/2","targetHints":{"allow":["GET"]}}],"collection":[{"href":"https:\/\/bemer.ee\/fi\/wp-json\/wp\/v2\/pages"}],"about":[{"href":"https:\/\/bemer.ee\/fi\/wp-json\/wp\/v2\/types\/page"}],"author":[{"embeddable":true,"href":"https:\/\/bemer.ee\/fi\/wp-json\/wp\/v2\/users\/1"}],"replies":[{"embeddable":true,"href":"https:\/\/bemer.ee\/fi\/wp-json\/wp\/v2\/comments?post=2"}],"version-history":[{"count":48,"href":"https:\/\/bemer.ee\/fi\/wp-json\/wp\/v2\/pages\/2\/revisions"}],"predecessor-version":[{"id":527,"href":"https:\/\/bemer.ee\/fi\/wp-json\/wp\/v2\/pages\/2\/revisions\/527"}],"wp:attachment":[{"href":"https:\/\/bemer.ee\/fi\/wp-json\/wp\/v2\/media?parent=2"}],"curies":[{"name":"wp","href":"https:\/\/api.w.org\/{rel}","templated":true}]}}