{"id":20,"date":"2025-05-15T12:33:58","date_gmt":"2025-05-15T09:33:58","guid":{"rendered":"https:\/\/bemer.ee\/yhteystiedot\/"},"modified":"2025-07-11T10:36:39","modified_gmt":"2025-07-11T07:36:39","slug":"yhteystiedot","status":"publish","type":"page","link":"https:\/\/bemer.ee\/fi\/yhteystiedot\/","title":{"rendered":"Yhteystiedot"},"content":{"rendered":"\n<h1 class=\"wp-block-heading\">Ota yhteytt\u00e4<\/h1>\n\n\n<style>.kb-row-layout-id20_ac7fca-e5 > .kt-row-column-wrap{align-content:start;}:where(.kb-row-layout-id20_ac7fca-e5 > .kt-row-column-wrap) > .wp-block-kadence-column{justify-content:start;}.kb-row-layout-id20_ac7fca-e5 > .kt-row-column-wrap{column-gap:var(--global-kb-gap-lg, 4rem);row-gap:var(--global-kb-gap-md, 2rem);padding-top:var(--global-kb-spacing-sm, 1.5rem);padding-bottom:var(--global-kb-spacing-sm, 1.5rem);grid-template-columns:repeat(2, minmax(0, 1fr));}.kb-row-layout-id20_ac7fca-e5 > .kt-row-layout-overlay{opacity:0.30;}@media all and (max-width: 1024px){.kb-row-layout-id20_ac7fca-e5 > .kt-row-column-wrap{grid-template-columns:repeat(2, minmax(0, 1fr));}}@media all and (max-width: 767px){.kb-row-layout-id20_ac7fca-e5 > .kt-row-column-wrap{grid-template-columns:minmax(0, 1fr);}}<\/style><div class=\"kb-row-layout-wrap kb-row-layout-id20_ac7fca-e5 alignnone wp-block-kadence-rowlayout\"><div class=\"kt-row-column-wrap kt-has-2-columns kt-row-layout-equal kt-tab-layout-inherit kt-mobile-layout-row kt-row-valign-top\">\n<style>.kadence-column20_c47eea-ba > .kt-inside-inner-col,.kadence-column20_c47eea-ba > .kt-inside-inner-col:before{border-top-left-radius:0px;border-top-right-radius:0px;border-bottom-right-radius:0px;border-bottom-left-radius:0px;}.kadence-column20_c47eea-ba > .kt-inside-inner-col{column-gap:var(--global-kb-gap-sm, 1rem);}.kadence-column20_c47eea-ba > .kt-inside-inner-col{flex-direction:column;}.kadence-column20_c47eea-ba > .kt-inside-inner-col > .aligncenter{width:100%;}.kadence-column20_c47eea-ba > .kt-inside-inner-col:before{opacity:0.3;}.kadence-column20_c47eea-ba{position:relative;}@media all and (max-width: 1024px){.kadence-column20_c47eea-ba > .kt-inside-inner-col{flex-direction:column;justify-content:center;}}@media all and (max-width: 767px){.kadence-column20_c47eea-ba > .kt-inside-inner-col{flex-direction:column;justify-content:center;}}<\/style>\n<div class=\"wp-block-kadence-column kadence-column20_c47eea-ba\"><div class=\"kt-inside-inner-col\">\n<h3 class=\"wp-block-heading\">Olemme t\u00e4\u00e4ll\u00e4 sinua varten \u2013 halusitpa kokeilla BEMER-terapiaa, ryhty\u00e4<br>yhteisty\u00f6kumppaniksi tai kysy\u00e4 meilt\u00e4 jotain.<\/h3>\n\n\n\n<p><br>Voit ottaa meihin helposti yhteytt\u00e4:<\/p>\n\n\n<style>.wp-block-kadence-iconlist.kt-svg-icon-list-items20_55b20d-59:not(.this-stops-third-party-issues){margin-top:0px;margin-bottom:0px;}.wp-block-kadence-iconlist.kt-svg-icon-list-items20_55b20d-59 ul.kt-svg-icon-list:not(.this-prevents-issues):not(.this-stops-third-party-issues):not(.tijsloc){margin-top:0px;margin-right:0px;margin-bottom:var(--global-kb-spacing-sm, 1.5rem);margin-left:0px;}.wp-block-kadence-iconlist.kt-svg-icon-list-items20_55b20d-59 ul.kt-svg-icon-list{grid-row-gap:5px;}.wp-block-kadence-iconlist.kt-svg-icon-list-items20_55b20d-59 ul.kt-svg-icon-list .kt-svg-icon-list-item-wrap .kt-svg-icon-list-single{margin-right:10px;}.kt-svg-icon-list-items20_55b20d-59 ul.kt-svg-icon-list .kt-svg-icon-list-level-0 .kt-svg-icon-list-single svg{font-size:20px;}<\/style>\n<div class=\"wp-block-kadence-iconlist kt-svg-icon-list-items kt-svg-icon-list-items20_55b20d-59 kt-svg-icon-list-columns-1 alignnone\"><ul class=\"kt-svg-icon-list\"><style>.kt-svg-icon-list-item-20_5815fe-b8 .kt-svg-icon-list-text mark.kt-highlight{background-color:unset;font-style:normal;color:#f76a0c;-webkit-box-decoration-break:clone;box-decoration-break:clone;padding-top:0px;padding-right:0px;padding-bottom:0px;padding-left:0px;}<\/style>\n<li class=\"wp-block-kadence-listitem kt-svg-icon-list-item-wrap kt-svg-icon-list-item-20_5815fe-b8\"><span class=\"kb-svg-icon-wrap kb-svg-icon-fe_checkCircle kt-svg-icon-list-single\"><svg viewBox=\"0 0 24 24\"  fill=\"none\" stroke=\"currentColor\" stroke-width=\"2\" stroke-linecap=\"round\" stroke-linejoin=\"round\" xmlns=\"http:\/\/www.w3.org\/2000\/svg\"  aria-hidden=\"true\"><path d=\"M22 11.08V12a10 10 0 1 1-5.93-9.14\"\/><polyline points=\"22 4 12 14.01 9 11.01\"\/><\/svg><\/span><span class=\"kt-svg-icon-list-text\">Puhelin: +358 20 743 9070 <\/span><\/li>\n\n\n<style>.kt-svg-icon-list-item-20_da85a5-a9 .kt-svg-icon-list-text mark.kt-highlight{background-color:unset;font-style:normal;color:#f76a0c;-webkit-box-decoration-break:clone;box-decoration-break:clone;padding-top:0px;padding-right:0px;padding-bottom:0px;padding-left:0px;}<\/style>\n<li class=\"wp-block-kadence-listitem kt-svg-icon-list-item-wrap kt-svg-icon-list-item-20_da85a5-a9\"><span class=\"kb-svg-icon-wrap kb-svg-icon-fe_checkCircle kt-svg-icon-list-single\"><svg viewBox=\"0 0 24 24\"  fill=\"none\" stroke=\"currentColor\" stroke-width=\"2\" stroke-linecap=\"round\" stroke-linejoin=\"round\" xmlns=\"http:\/\/www.w3.org\/2000\/svg\"  aria-hidden=\"true\"><path d=\"M22 11.08V12a10 10 0 1 1-5.93-9.14\"\/><polyline points=\"22 4 12 14.01 9 11.01\"\/><\/svg><\/span><span class=\"kt-svg-icon-list-text\">S\u00e4hk\u00f6posti: info@bemernordic.com<\/span><\/li>\n<\/ul><\/div>\n\n\n\n<p>L\u00e4het\u00e4 viesti tai t\u00e4yt\u00e4 oheinen lomake, niin paikallinen asiantuntijamme ottaa sinuun yhteytt\u00e4.<\/p>\n\n\n\n<h2 class=\"wp-block-heading\">Haluatko tehd\u00e4 yhteisty\u00f6t\u00e4?<\/h2>\n\n\n\n<p>Terveydenhuollon ammattilainen, terapeutti tai valmentaja &#8211; oletko kiinnostunut yhteisty\u00f6st\u00e4 kanssamme?<br>Ota yhteytt\u00e4 \u2013 toimimme Virossa, Liettuassa ja Pohjoismaissa.<\/p>\n\n\n<style>.kt-accordion-id20_44945b-02 .kt-accordion-inner-wrap{column-gap:var(--global-kb-gap-md, 2rem);row-gap:10px;}.kt-accordion-id20_44945b-02 .kt-accordion-panel-inner{border-top:0px solid transparent;border-right:1px solid transparent;border-bottom:1px solid transparent;border-left:1px solid transparent;background:#ffffff;padding-top:var(--global-kb-spacing-sm, 1.5rem);padding-right:var(--global-kb-spacing-sm, 1.5rem);padding-bottom:var(--global-kb-spacing-sm, 1.5rem);padding-left:var(--global-kb-spacing-sm, 1.5rem);}.kt-accordion-id20_44945b-02 > .kt-accordion-inner-wrap > .wp-block-kadence-pane > .kt-accordion-header-wrap > .kt-blocks-accordion-header{border-top:1px solid #eeeeee;border-right:1px solid #eeeeee;border-bottom:1px solid #eeeeee;border-left:2px solid #eeeeee;border-top-left-radius:0px;border-top-right-radius:0px;border-bottom-right-radius:0px;border-bottom-left-radius:0px;background:#ffffff;color:#444444;padding-top:14px;padding-right:16px;padding-bottom:14px;padding-left:16px;}.kt-accordion-id20_44945b-02:not( .kt-accodion-icon-style-basiccircle ):not( .kt-accodion-icon-style-xclosecircle ):not( .kt-accodion-icon-style-arrowcircle )  > .kt-accordion-inner-wrap > .wp-block-kadence-pane > .kt-accordion-header-wrap .kt-blocks-accordion-icon-trigger:after, .kt-accordion-id20_44945b-02:not( .kt-accodion-icon-style-basiccircle ):not( .kt-accodion-icon-style-xclosecircle ):not( .kt-accodion-icon-style-arrowcircle )  > .kt-accordion-inner-wrap > .wp-block-kadence-pane > .kt-accordion-header-wrap .kt-blocks-accordion-icon-trigger:before{background:#444444;}.kt-accordion-id20_44945b-02:not( .kt-accodion-icon-style-basic ):not( .kt-accodion-icon-style-xclose ):not( .kt-accodion-icon-style-arrow ) .kt-blocks-accordion-icon-trigger{background:#444444;}.kt-accordion-id20_44945b-02:not( .kt-accodion-icon-style-basic ):not( .kt-accodion-icon-style-xclose ):not( .kt-accodion-icon-style-arrow ) .kt-blocks-accordion-icon-trigger:after, .kt-accordion-id20_44945b-02:not( .kt-accodion-icon-style-basic ):not( .kt-accodion-icon-style-xclose ):not( .kt-accodion-icon-style-arrow ) .kt-blocks-accordion-icon-trigger:before{background:#ffffff;}.kt-accordion-id20_44945b-02 > .kt-accordion-inner-wrap > .wp-block-kadence-pane > .kt-accordion-header-wrap > .kt-blocks-accordion-header:hover, \n\t\t\t\tbody:not(.hide-focus-outline) .kt-accordion-id20_44945b-02 .kt-blocks-accordion-header:focus-visible{color:#444444;background:#ffffff;border-top-color:#d4d4d4;border-top-style:solid;border-right-color:#d4d4d4;border-right-style:solid;border-bottom-color:#d4d4d4;border-bottom-style:solid;border-left-color:#d4d4d4;border-left-style:solid;}.kt-accordion-id20_44945b-02:not( .kt-accodion-icon-style-basiccircle ):not( .kt-accodion-icon-style-xclosecircle ):not( .kt-accodion-icon-style-arrowcircle ) .kt-accordion-header-wrap .kt-blocks-accordion-header:hover .kt-blocks-accordion-icon-trigger:after, .kt-accordion-id20_44945b-02:not( .kt-accodion-icon-style-basiccircle ):not( .kt-accodion-icon-style-xclosecircle ):not( .kt-accodion-icon-style-arrowcircle ) .kt-accordion-header-wrap .kt-blocks-accordion-header:hover .kt-blocks-accordion-icon-trigger:before, body:not(.hide-focus-outline) .kt-accordion-id20_44945b-02:not( .kt-accodion-icon-style-basiccircle ):not( .kt-accodion-icon-style-xclosecircle ):not( .kt-accodion-icon-style-arrowcircle ) .kt-blocks-accordion--visible .kt-blocks-accordion-icon-trigger:after, body:not(.hide-focus-outline) .kt-accordion-id20_44945b-02:not( .kt-accodion-icon-style-basiccircle ):not( .kt-accodion-icon-style-xclosecircle ):not( .kt-accodion-icon-style-arrowcircle ) .kt-blocks-accordion-header:focus-visible .kt-blocks-accordion-icon-trigger:before{background:#444444;}.kt-accordion-id20_44945b-02:not( .kt-accodion-icon-style-basic ):not( .kt-accodion-icon-style-xclose ):not( .kt-accodion-icon-style-arrow ) .kt-accordion-header-wrap .kt-blocks-accordion-header:hover .kt-blocks-accordion-icon-trigger, body:not(.hide-focus-outline) .kt-accordion-id20_44945b-02:not( .kt-accodion-icon-style-basic ):not( .kt-accodion-icon-style-xclose ):not( .kt-accodion-icon-style-arrow ) .kt-accordion-header-wrap .kt-blocks-accordion-header:focus-visible .kt-blocks-accordion-icon-trigger{background:#444444;}.kt-accordion-id20_44945b-02:not( .kt-accodion-icon-style-basic ):not( .kt-accodion-icon-style-xclose ):not( .kt-accodion-icon-style-arrow ) .kt-accordion-header-wrap .kt-blocks-accordion-header:hover .kt-blocks-accordion-icon-trigger:after, .kt-accordion-id20_44945b-02:not( .kt-accodion-icon-style-basic ):not( .kt-accodion-icon-style-xclose ):not( .kt-accodion-icon-style-arrow ) .kt-accordion-header-wrap .kt-blocks-accordion-header:hover .kt-blocks-accordion-icon-trigger:before, body:not(.hide-focus-outline) .kt-accordion-id20_44945b-02:not( .kt-accodion-icon-style-basic ):not( .kt-accodion-icon-style-xclose ):not( .kt-accodion-icon-style-arrow ) .kt-accordion-header-wrap .kt-blocks-accordion-header:focus-visible .kt-blocks-accordion-icon-trigger:after, body:not(.hide-focus-outline) .kt-accordion-id20_44945b-02:not( .kt-accodion-icon-style-basic ):not( .kt-accodion-icon-style-xclose ):not( .kt-accodion-icon-style-arrow ) .kt-accordion-header-wrap .kt-blocks-accordion-header:focus-visible .kt-blocks-accordion-icon-trigger:before{background:#ffffff;}.kt-accordion-id20_44945b-02 .kt-accordion-header-wrap .kt-blocks-accordion-header:focus-visible,\n\t\t\t\t.kt-accordion-id20_44945b-02 > .kt-accordion-inner-wrap > .wp-block-kadence-pane > .kt-accordion-header-wrap > .kt-blocks-accordion-header.kt-accordion-panel-active{color:#444444;background:#ffffff;border-top-color:#eeeeee;border-top-style:solid;border-right-color:#eeeeee;border-right-style:solid;border-bottom-color:#eeeeee;border-bottom-style:solid;border-left-color:#0e9cd1;border-left-style:solid;}.kt-accordion-id20_44945b-02:not( .kt-accodion-icon-style-basiccircle ):not( .kt-accodion-icon-style-xclosecircle ):not( .kt-accodion-icon-style-arrowcircle )  > .kt-accordion-inner-wrap > .wp-block-kadence-pane > .kt-accordion-header-wrap > .kt-blocks-accordion-header.kt-accordion-panel-active .kt-blocks-accordion-icon-trigger:after, .kt-accordion-id20_44945b-02:not( .kt-accodion-icon-style-basiccircle ):not( .kt-accodion-icon-style-xclosecircle ):not( .kt-accodion-icon-style-arrowcircle )  > .kt-accordion-inner-wrap > .wp-block-kadence-pane > .kt-accordion-header-wrap > .kt-blocks-accordion-header.kt-accordion-panel-active .kt-blocks-accordion-icon-trigger:before{background:#444444;}.kt-accordion-id20_44945b-02:not( .kt-accodion-icon-style-basic ):not( .kt-accodion-icon-style-xclose ):not( .kt-accodion-icon-style-arrow ) .kt-blocks-accordion-header.kt-accordion-panel-active .kt-blocks-accordion-icon-trigger{background:#444444;}.kt-accordion-id20_44945b-02:not( .kt-accodion-icon-style-basic ):not( .kt-accodion-icon-style-xclose ):not( .kt-accodion-icon-style-arrow ) .kt-blocks-accordion-header.kt-accordion-panel-active .kt-blocks-accordion-icon-trigger:after, .kt-accordion-id20_44945b-02:not( .kt-accodion-icon-style-basic ):not( .kt-accodion-icon-style-xclose ):not( .kt-accodion-icon-style-arrow ) .kt-blocks-accordion-header.kt-accordion-panel-active .kt-blocks-accordion-icon-trigger:before{background:#ffffff;}@media all and (max-width: 1024px){.kt-accordion-id20_44945b-02 .kt-accordion-panel-inner{border-top:0px solid transparent;border-right:1px solid transparent;border-bottom:1px solid transparent;border-left:1px solid transparent;}}@media all and (max-width: 1024px){.kt-accordion-id20_44945b-02 > .kt-accordion-inner-wrap > .wp-block-kadence-pane > .kt-accordion-header-wrap > .kt-blocks-accordion-header{border-top:1px solid #eeeeee;border-right:1px solid #eeeeee;border-bottom:1px solid #eeeeee;border-left:2px solid #eeeeee;}}@media all and (max-width: 1024px){.kt-accordion-id20_44945b-02 > .kt-accordion-inner-wrap > .wp-block-kadence-pane > .kt-accordion-header-wrap > .kt-blocks-accordion-header:hover, \n\t\t\t\tbody:not(.hide-focus-outline) .kt-accordion-id20_44945b-02 .kt-blocks-accordion-header:focus-visible{border-top-color:#d4d4d4;border-top-style:solid;border-right-color:#d4d4d4;border-right-style:solid;border-bottom-color:#d4d4d4;border-bottom-style:solid;border-left-color:#d4d4d4;border-left-style:solid;}}@media all and (max-width: 1024px){.kt-accordion-id20_44945b-02 .kt-accordion-header-wrap .kt-blocks-accordion-header:focus-visible,\n\t\t\t\t.kt-accordion-id20_44945b-02 > .kt-accordion-inner-wrap > .wp-block-kadence-pane > .kt-accordion-header-wrap > .kt-blocks-accordion-header.kt-accordion-panel-active{border-top-color:#eeeeee;border-top-style:solid;border-right-color:#eeeeee;border-right-style:solid;border-bottom-color:#eeeeee;border-bottom-style:solid;border-left-color:#0e9cd1;border-left-style:solid;}}@media all and (max-width: 767px){.kt-accordion-id20_44945b-02 .kt-accordion-inner-wrap{display:block;}.kt-accordion-id20_44945b-02 .kt-accordion-inner-wrap .kt-accordion-pane:not(:first-child){margin-top:10px;}.kt-accordion-id20_44945b-02 .kt-accordion-panel-inner{border-top:0px solid transparent;border-right:1px solid transparent;border-bottom:1px solid transparent;border-left:1px solid transparent;}.kt-accordion-id20_44945b-02 > .kt-accordion-inner-wrap > .wp-block-kadence-pane > .kt-accordion-header-wrap > .kt-blocks-accordion-header{border-top:1px solid #eeeeee;border-right:1px solid #eeeeee;border-bottom:1px solid #eeeeee;border-left:2px solid #eeeeee;}.kt-accordion-id20_44945b-02 > .kt-accordion-inner-wrap > .wp-block-kadence-pane > .kt-accordion-header-wrap > .kt-blocks-accordion-header:hover, \n\t\t\t\tbody:not(.hide-focus-outline) .kt-accordion-id20_44945b-02 .kt-blocks-accordion-header:focus-visible{border-top-color:#d4d4d4;border-top-style:solid;border-right-color:#d4d4d4;border-right-style:solid;border-bottom-color:#d4d4d4;border-bottom-style:solid;border-left-color:#d4d4d4;border-left-style:solid;}.kt-accordion-id20_44945b-02 .kt-accordion-header-wrap .kt-blocks-accordion-header:focus-visible,\n\t\t\t\t.kt-accordion-id20_44945b-02 > .kt-accordion-inner-wrap > .wp-block-kadence-pane > .kt-accordion-header-wrap > .kt-blocks-accordion-header.kt-accordion-panel-active{border-top-color:#eeeeee;border-top-style:solid;border-right-color:#eeeeee;border-right-style:solid;border-bottom-color:#eeeeee;border-bottom-style:solid;border-left-color:#0e9cd1;border-left-style:solid;}}<\/style>\n<div class=\"wp-block-kadence-accordion alignnone\"><div class=\"kt-accordion-wrap kt-accordion-id20_44945b-02 kt-accordion-has-2-panes kt-active-pane-0 kt-accordion-block kt-pane-header-alignment-left kt-accodion-icon-style-arrow kt-accodion-icon-side-left\" style=\"max-width:none\"><div class=\"kt-accordion-inner-wrap\" data-allow-multiple-open=\"false\" data-start-open=\"none\">\n<div class=\"wp-block-kadence-pane kt-accordion-pane kt-accordion-pane-1 kt-pane20_949717-6c\"><div class=\"kt-accordion-header-wrap\"><button class=\"kt-blocks-accordion-header kt-acccordion-button-label-show\" type=\"button\"><span class=\"kt-blocks-accordion-title-wrap\"><span class=\"kt-blocks-accordion-title\">Lakis\u00e4\u00e4teiset ilmoitukset<\/span><\/span><span class=\"kt-blocks-accordion-icon-trigger\"><\/span><\/button><\/div><div class=\"kt-accordion-panel kt-accordion-panel-hidden\"><div class=\"kt-accordion-panel-inner\">\n<ul class=\"wp-block-list\">\n<li>Lifenet Oy (kauppanimell\u00e4 BEMER Nordic) toimii Suomen ja EU:n lains\u00e4\u00e4d\u00e4nn\u00f6n sek\u00e4 Viron kuluttajasuojalain ja et\u00e4myyntis\u00e4\u00e4d\u00f6sten mukaisesti.<\/li>\n\n\n\n<li>Asiakkaalla on oikeus vied\u00e4 riita kuluttajariitalautakunnan (Suomi) tai Tarbijakaitse ja Tehnilise J\u00e4relevalve Ameti (TTJA, Viro) k\u00e4sitelt\u00e4v\u00e4ksi.<\/li>\n\n\n\n<li>Kuluttaja voi k\u00e4ytt\u00e4\u00e4 Euroopan komission tarjoamaa verkkov\u00e4litteist\u00e4 riidanratkaisufoorumia:\u00a0<a href=\"https:\/\/ec.europa.eu\/consumers\/odr\/\">https:\/\/ec.europa.eu\/consumers\/odr\/<\/a><\/li>\n\n\n\n<li>Kaikki tiedot tuotteista, hinnoista ja ehdoista l\u00f6ytyv\u00e4t verkkokaupasta.<\/li>\n\n\n\n<li>Terveys- ja l\u00e4\u00e4ketieteelliset v\u00e4itteet perustuvat valmistajan hyv\u00e4ksyttyihin tietoihin eik\u00e4 niit\u00e4 saa k\u00e4ytt\u00e4\u00e4 sairauksien diagnosointiin tai hoitoon ilman terveydenhuollon ammattilaisen arviota.<\/li>\n<\/ul>\n<\/div><\/div><\/div>\n<\/div><\/div><\/div>\n<\/div><\/div>\n\n\n<style>.kadence-column20_50c34b-04 > .kt-inside-inner-col,.kadence-column20_50c34b-04 > .kt-inside-inner-col:before{border-top-left-radius:0px;border-top-right-radius:0px;border-bottom-right-radius:0px;border-bottom-left-radius:0px;}.kadence-column20_50c34b-04 > .kt-inside-inner-col{column-gap:var(--global-kb-gap-sm, 1rem);}.kadence-column20_50c34b-04 > .kt-inside-inner-col{flex-direction:column;}.kadence-column20_50c34b-04 > .kt-inside-inner-col > .aligncenter{width:100%;}.kadence-column20_50c34b-04 > .kt-inside-inner-col:before{opacity:0.3;}.kadence-column20_50c34b-04{position:relative;}@media all and (max-width: 1024px){.kadence-column20_50c34b-04 > .kt-inside-inner-col{flex-direction:column;justify-content:center;}}@media all and (max-width: 767px){.kadence-column20_50c34b-04 > .kt-inside-inner-col{flex-direction:column;justify-content:center;}}<\/style>\n<div class=\"wp-block-kadence-column kadence-column20_50c34b-04\"><div class=\"kt-inside-inner-col\"><div class=\"frm_forms  with_frm_style frm_style_formidable-style\" id=\"frm_form_3_container\" data-token=\"59da8f4e1caf320c653fd145134c5c39\">\n<form enctype=\"multipart\/form-data\" method=\"post\" class=\"frm-show-form  frm_pro_form \" id=\"form_yhteydenotto\" data-token=\"59da8f4e1caf320c653fd145134c5c39\">\n<div class=\"frm_form_fields \">\n<fieldset>\n<legend class=\"frm_screen_reader\">Yhteydenotto<\/legend>\r\n\r\n<div class=\"frm_fields_container\">\n<input type=\"hidden\" name=\"frm_action\" value=\"create\" \/>\n<input type=\"hidden\" name=\"form_id\" value=\"3\" \/>\n<input type=\"hidden\" name=\"frm_hide_fields_3\" id=\"frm_hide_fields_3\" value=\"\" \/>\n<input type=\"hidden\" name=\"form_key\" value=\"yhteydenotto\" \/>\n<input type=\"hidden\" name=\"item_meta[0]\" value=\"\" \/>\n<input type=\"hidden\" id=\"frm_submit_entry_3\" name=\"frm_submit_entry_3\" value=\"bd84ea3719\" \/><input type=\"hidden\" name=\"_wp_http_referer\" value=\"\/fi\/wp-json\/wp\/v2\/pages\/20\" \/><div id=\"frm_field_12_container\" class=\"frm_form_field form-field  frm_required_field frm_top_container frm12 frm_first vertical_radio\">\r\n\t<div  id=\"field_acqlr_label\" class=\"frm_primary_label\">Olen kiinnostunut\r\n\t\t<span class=\"frm_required\" aria-hidden=\"true\">*<\/span>\r\n\t<\/div>\r\n\t<div class=\"frm_opt_container\" aria-labelledby=\"field_acqlr_label\" role=\"group\">\t\t<div class=\"frm_checkbox\" id=\"frm_checkbox_12-0\">\t\t\t<label  for=\"field_acqlr-0\">\n\t\t\t<input type=\"checkbox\" name=\"item_meta[12][]\" id=\"field_acqlr-0\" value=\"BEMER-hoidon henkil\u00f6kohtaisesta esittelyst\u00e4\"  data-reqmsg=\"Olen kiinnostunut cannot be blank.\" data-invmsg=\"Olen kiinnostunut is invalid\"   aria-required=\"true\"  \/> BEMER-hoidon henkil\u00f6kohtaisesta esittelyst\u00e4<\/label><\/div>\n\t\t<div class=\"frm_checkbox\" id=\"frm_checkbox_12-1\">\t\t\t<label  for=\"field_acqlr-1\">\n\t\t\t<input type=\"checkbox\" name=\"item_meta[12][]\" id=\"field_acqlr-1\" value=\"Ryhtym\u00e4\u00e4n BEMER-kumppaniksi\"  data-reqmsg=\"Olen kiinnostunut cannot be blank.\" data-invmsg=\"Olen kiinnostunut is invalid\"   \/> Ryhtym\u00e4\u00e4n BEMER-kumppaniksi<\/label><\/div>\n\t\t<div class=\"frm_checkbox\" id=\"frm_checkbox_12-2\">\t\t\t<label  for=\"field_acqlr-2\">\n\t\t\t<input type=\"checkbox\" name=\"item_meta[12][]\" id=\"field_acqlr-2\" value=\"BEMER-laitteen ostamisesta\"  data-reqmsg=\"Olen kiinnostunut cannot be blank.\" data-invmsg=\"Olen kiinnostunut is invalid\"   \/> BEMER-laitteen ostamisesta<\/label><\/div>\n\t\t<div class=\"frm_checkbox\" id=\"frm_checkbox_12-3\">\t\t\t<label  for=\"field_acqlr-3\">\n\t\t\t<input type=\"checkbox\" name=\"item_meta[12][]\" id=\"field_acqlr-3\" value=\"jostain muusta\"  data-reqmsg=\"Olen kiinnostunut cannot be blank.\" data-invmsg=\"Olen kiinnostunut is invalid\"   \/> jostain muusta<\/label><\/div>\n<\/div>\r\n\t\r\n\t\r\n<\/div>\n<div id=\"frm_field_13_container\" class=\"frm_form_field form-field  frm_top_container frm12 frm_first\">\r\n\t<label for=\"field_o0ezg\" id=\"field_o0ezg_label\" class=\"frm_primary_label\">Viestisi\r\n\t\t<span class=\"frm_required\" aria-hidden=\"true\"><\/span>\r\n\t<\/label>\r\n\t<textarea name=\"item_meta[13]\" id=\"field_o0ezg\" rows=\"5\"  data-invmsg=\"Viestisi is invalid\" aria-invalid=\"false\"  ><\/textarea>\r\n\t\r\n\t\r\n<\/div>\n<div id=\"frm_field_14_container\" class=\"frm_form_field  frm_html_container form-field\">\n<h3>Yhteystietosi<\/h3>\n<\/div>\n<div id=\"frm_field_15_container\" class=\"frm_form_field form-field  frm_required_field frm_top_container frm12 frm_first\">\r\n\t<label for=\"field_qncek\" id=\"field_qncek_label\" class=\"frm_primary_label\">Nimi\r\n\t\t<span class=\"frm_required\" aria-hidden=\"true\">*<\/span>\r\n\t<\/label>\r\n\t<input  type=\"text\" id=\"field_qncek\" name=\"item_meta[15]\" value=\"\"  data-reqmsg=\"Nimi cannot be blank.\" aria-required=\"true\" data-invmsg=\"Nimi is invalid\" aria-invalid=\"false\"   \/>\r\n\t\r\n\t\r\n<\/div>\n<div id=\"frm_field_16_container\" class=\"frm_form_field form-field  frm_required_field frm_top_container frm6 frm_first\">\r\n\t<label for=\"field_4v0oh\" id=\"field_4v0oh_label\" class=\"frm_primary_label\">S\u00e4hk\u00f6posti\r\n\t\t<span class=\"frm_required\" aria-hidden=\"true\">*<\/span>\r\n\t<\/label>\r\n\t<input type=\"email\" id=\"field_4v0oh\" name=\"item_meta[16]\" value=\"\"  autocomplete=\"email\"  data-reqmsg=\"S\u00e4hk\u00f6posti cannot be blank.\" aria-required=\"true\" data-invmsg=\"S\u00e4hk\u00f6posti is invalid\" aria-invalid=\"false\"  \/>\r\n\t\r\n\t\r\n<\/div>\n<div id=\"frm_field_17_container\" class=\"frm_form_field form-field  frm_top_container frm6\">\r\n\t<label for=\"field_9z1dy\" id=\"field_9z1dy_label\" class=\"frm_primary_label\">Puhelin\r\n\t\t<span class=\"frm_required\" aria-hidden=\"true\"><\/span>\r\n\t<\/label>\r\n\t<input type=\"tel\" id=\"field_9z1dy\" name=\"item_meta[17]\" value=\"\"  data-invmsg=\"Puhelin is invalid\" aria-invalid=\"false\" pattern=\"((\\+\\d{1,3}(-|.| )?\\(?\\d\\)?(-| |.)?\\d{1,5})|(\\(?\\d{2,6}\\)?))(-|.| )?(\\d{3,4})(-|.| )?(\\d{4})(( x| ext)\\d{1,5}){0,1}$\"  \/>\r\n\t\r\n\t\r\n<\/div>\n<div id=\"frm_field_11_container\" class=\"frm_form_field form-field \">\r\n\t<div class=\"frm_submit frm_flex\">\r\n<button class=\"frm_button_submit frm_final_submit\" type=\"submit\"   formnovalidate=\"formnovalidate\">L\u00e4het\u00e4 viesti<\/button>\r\n\r\n\r\n\r\n<\/div>\r\n<\/div>\n\t<input type=\"hidden\" name=\"item_key\" value=\"\" \/>\n\t\t\t<div id=\"frm_field_66_container\">\n\t\t\t<label for=\"field_seduf\" >\n\t\t\t\tIf you are human, leave this field blank.\t\t\t<\/label>\n\t\t\t<input  id=\"field_seduf\" type=\"text\" class=\"frm_form_field form-field frm_verify\" name=\"item_meta[66]\" value=\"\"  \/>\n\t\t<\/div>\n\t\t<input name=\"frm_state\" type=\"hidden\" value=\"E2m2nlFXTSvtmXP1LSQSIn7W0sm9Jql7xsZ97FPUBTXVn134gInOTb0jOS1kZzT\/\" \/><\/div>\n<\/fieldset>\n<\/div>\n\n<\/form>\n<\/div>\n<\/div><\/div>\n\n<\/div><\/div>","protected":false},"excerpt":{"rendered":"<p>Ota yhteytt\u00e4 Olemme t\u00e4\u00e4ll\u00e4 sinua varten \u2013 halusitpa kokeilla BEMER-terapiaa, ryhty\u00e4yhteisty\u00f6kumppaniksi tai kysy\u00e4 meilt\u00e4 jotain. Voit ottaa meihin helposti yhteytt\u00e4: L\u00e4het\u00e4 viesti tai t\u00e4yt\u00e4 oheinen lomake, niin paikallinen asiantuntijamme ottaa sinuun yhteytt\u00e4. Haluatko tehd\u00e4 yhteisty\u00f6t\u00e4? Terveydenhuollon ammattilainen, terapeutti tai valmentaja &#8211; oletko kiinnostunut yhteisty\u00f6st\u00e4 kanssamme?Ota yhteytt\u00e4 \u2013 toimimme Virossa, Liettuassa ja Pohjoismaissa.<\/p>\n","protected":false},"author":2,"featured_media":0,"parent":0,"menu_order":6,"comment_status":"closed","ping_status":"closed","template":"","meta":{"inline_featured_image":false,"_kad_blocks_custom_css":"","_kad_blocks_head_custom_js":"","_kad_blocks_body_custom_js":"","_kad_blocks_footer_custom_js":"","_kad_post_transparent":"","_kad_post_title":"","_kad_post_layout":"","_kad_post_sidebar_id":"","_kad_post_content_style":"","_kad_post_vertical_padding":"","_kad_post_feature":"","_kad_post_feature_position":"","_kad_post_header":false,"_kad_post_footer":false,"_kad_post_classname":"","footnotes":""},"class_list":["post-20","page","type-page","status-publish","hentry"],"taxonomy_info":[],"featured_image_src_large":false,"author_info":{"display_name":"katjalampela","author_link":"https:\/\/bemer.ee\/fi\/author\/katjalampela\/"},"comment_info":0,"_links":{"self":[{"href":"https:\/\/bemer.ee\/fi\/wp-json\/wp\/v2\/pages\/20","targetHints":{"allow":["GET"]}}],"collection":[{"href":"https:\/\/bemer.ee\/fi\/wp-json\/wp\/v2\/pages"}],"about":[{"href":"https:\/\/bemer.ee\/fi\/wp-json\/wp\/v2\/types\/page"}],"author":[{"embeddable":true,"href":"https:\/\/bemer.ee\/fi\/wp-json\/wp\/v2\/users\/2"}],"replies":[{"embeddable":true,"href":"https:\/\/bemer.ee\/fi\/wp-json\/wp\/v2\/comments?post=20"}],"version-history":[{"count":13,"href":"https:\/\/bemer.ee\/fi\/wp-json\/wp\/v2\/pages\/20\/revisions"}],"predecessor-version":[{"id":834,"href":"https:\/\/bemer.ee\/fi\/wp-json\/wp\/v2\/pages\/20\/revisions\/834"}],"wp:attachment":[{"href":"https:\/\/bemer.ee\/fi\/wp-json\/wp\/v2\/media?parent=20"}],"curies":[{"name":"wp","href":"https:\/\/api.w.org\/{rel}","templated":true}]}}