{"id":3,"date":"2025-05-15T08:28:13","date_gmt":"2025-05-15T08:28:13","guid":{"rendered":"https:\/\/bemer.ee\/?page_id=3"},"modified":"2025-07-11T10:02:15","modified_gmt":"2025-07-11T07:02:15","slug":"privacy-policy","status":"publish","type":"page","link":"https:\/\/bemer.ee\/fi\/privacy-policy\/","title":{"rendered":"Tietosuojak\u00e4yt\u00e4nt\u00f6"},"content":{"rendered":"\n<p><strong>Lifenet Oy (kauppanimell\u00e4 BEMER Nordic)<\/strong>&nbsp;kunnioittaa asiakkaidensa yksityisyytt\u00e4 ja k\u00e4sittelee henkil\u00f6tietoja EU:n yleisen tietosuoja-asetuksen (GDPR) sek\u00e4 Suomen ja EU:n lains\u00e4\u00e4d\u00e4nn\u00f6n mukaisesti.<\/p>\n\n\n\n<p><strong>1. Rekisterinpit\u00e4j\u00e4:<\/strong><br>Lifenet Oy (kauppanimell\u00e4 BEMER Nordic)<br>Itsehallintokuja 6, 02600 Espoo, Suomi<br>S\u00e4hk\u00f6posti:&nbsp;customerservice@bemernordic.com<br>Puhelin: +358 20 743 9070<\/p>\n\n\n\n<p><strong>2. Ker\u00e4tt\u00e4v\u00e4t tiedot ja k\u00e4ytt\u00f6tarkoitus:<\/strong><br>Ker\u00e4\u00e4mme henkil\u00f6tietoja tilausten k\u00e4sittelyyn, toimitukseen, asiakaspalveluun, takuu- ja reklamaatiotapauksiin sek\u00e4 lains\u00e4\u00e4d\u00e4nn\u00f6n edellytt\u00e4mien velvoitteiden t\u00e4ytt\u00e4miseen. Tietoja voidaan k\u00e4ytt\u00e4\u00e4 my\u00f6s markkinointiin vain asiakkaan suostumuksella. Ker\u00e4tt\u00e4vi\u00e4 tietoja ovat mm. nimi, osoite, s\u00e4hk\u00f6posti, puhelin, tilaus- ja maksutiedot, sek\u00e4 tekniset tiedot (esim. IP-osoite, ev\u00e4steet).<\/p>\n\n\n\n<p><strong>3. Oikeusperusteet:<\/strong><br>K\u00e4sittelemme tietoja sopimuksen t\u00e4ytt\u00e4miseksi, lain vaatimusten noudattamiseksi, oikeutetun edun perusteella tai suostumuksellasi.<\/p>\n\n\n\n<p><strong>4. Tietojen luovutus ja siirrot:<\/strong><br>Tietoja voidaan luovuttaa logistiikka- ja maksukumppaneille (esim. Montonio, Klarna, Paytrail) sek\u00e4 BEMER International AG:lle takuu- ja asiakaspalvelun j\u00e4rjest\u00e4miseksi. Tietoja ei siirret\u00e4 EU\/ETA-alueen ulkopuolelle ilman asianmukaista suojaa.<\/p>\n\n\n\n<p><strong>5. Asiakkaan oikeudet:<\/strong><br>Sinulla on oikeus tarkastaa itse\u00e4si koskevat tiedot, vaatia oikaisua tai poistamista, rajoittaa tai vastustaa k\u00e4sittely\u00e4, siirt\u00e4\u00e4 tiedot j\u00e4rjestelm\u00e4st\u00e4 toiseen sek\u00e4 peruuttaa suostumus milloin tahansa. Oikeuksiasi voit k\u00e4ytt\u00e4\u00e4 ottamalla yhteytt\u00e4 yll\u00e4 mainittuihin yhteystietoihin.<\/p>\n\n\n\n<p><strong>6. Tietojen s\u00e4ilytys:<\/strong><br>S\u00e4ilyt\u00e4mme henkil\u00f6tietoja vain niin kauan kuin se on tarpeen lain, sopimuksen tai asiakassuhteen hoitamiseksi.<\/p>\n\n\n\n<p><strong>7. Yhteys tietosuojakysymyksiss\u00e4:<\/strong><br>Ota yhteytt\u00e4:&nbsp;customerservice@bemernordic.com.<br>Lis\u00e4tietoa:&nbsp;<a href=\"https:\/\/www.tietosuoja.fi\/\">www.tietosuoja.fi<\/a><\/p>\n","protected":false},"excerpt":{"rendered":"<p>Lifenet Oy (kauppanimell\u00e4 BEMER Nordic)&nbsp;kunnioittaa asiakkaidensa yksityisyytt\u00e4 ja k\u00e4sittelee henkil\u00f6tietoja EU:n yleisen tietosuoja-asetuksen (GDPR) sek\u00e4 Suomen ja EU:n lains\u00e4\u00e4d\u00e4nn\u00f6n mukaisesti. 1. Rekisterinpit\u00e4j\u00e4:Lifenet Oy (kauppanimell\u00e4 BEMER Nordic)Itsehallintokuja 6, 02600 Espoo, SuomiS\u00e4hk\u00f6posti:&nbsp;customerservice@bemernordic.comPuhelin: +358 20 743 9070 2. Ker\u00e4tt\u00e4v\u00e4t tiedot ja k\u00e4ytt\u00f6tarkoitus:Ker\u00e4\u00e4mme henkil\u00f6tietoja tilausten k\u00e4sittelyyn, toimitukseen, asiakaspalveluun, takuu- ja reklamaatiotapauksiin sek\u00e4 lains\u00e4\u00e4d\u00e4nn\u00f6n edellytt\u00e4mien velvoitteiden t\u00e4ytt\u00e4miseen. Tietoja voidaan k\u00e4ytt\u00e4\u00e4&#8230;<\/p>\n","protected":false},"author":1,"featured_media":0,"parent":0,"menu_order":1,"comment_status":"closed","ping_status":"open","template":"","meta":{"inline_featured_image":false,"_kad_blocks_custom_css":"","_kad_blocks_head_custom_js":"","_kad_blocks_body_custom_js":"","_kad_blocks_footer_custom_js":"","_kad_post_transparent":"","_kad_post_title":"","_kad_post_layout":"","_kad_post_sidebar_id":"","_kad_post_content_style":"","_kad_post_vertical_padding":"","_kad_post_feature":"","_kad_post_feature_position":"","_kad_post_header":false,"_kad_post_footer":false,"_kad_post_classname":"","footnotes":""},"class_list":["post-3","page","type-page","status-publish","hentry"],"taxonomy_info":[],"featured_image_src_large":false,"author_info":{"display_name":"admin","author_link":"https:\/\/bemer.ee\/fi\/author\/nilskampe_n33nab6k\/"},"comment_info":0,"_links":{"self":[{"href":"https:\/\/bemer.ee\/fi\/wp-json\/wp\/v2\/pages\/3","targetHints":{"allow":["GET"]}}],"collection":[{"href":"https:\/\/bemer.ee\/fi\/wp-json\/wp\/v2\/pages"}],"about":[{"href":"https:\/\/bemer.ee\/fi\/wp-json\/wp\/v2\/types\/page"}],"author":[{"embeddable":true,"href":"https:\/\/bemer.ee\/fi\/wp-json\/wp\/v2\/users\/1"}],"replies":[{"embeddable":true,"href":"https:\/\/bemer.ee\/fi\/wp-json\/wp\/v2\/comments?post=3"}],"version-history":[{"count":1,"href":"https:\/\/bemer.ee\/fi\/wp-json\/wp\/v2\/pages\/3\/revisions"}],"predecessor-version":[{"id":817,"href":"https:\/\/bemer.ee\/fi\/wp-json\/wp\/v2\/pages\/3\/revisions\/817"}],"wp:attachment":[{"href":"https:\/\/bemer.ee\/fi\/wp-json\/wp\/v2\/media?parent=3"}],"curies":[{"name":"wp","href":"https:\/\/api.w.org\/{rel}","templated":true}]}}