{"id":766,"date":"2025-06-19T11:00:30","date_gmt":"2025-06-19T08:00:30","guid":{"rendered":"https:\/\/bemer.ee\/?post_type=product&#038;p=766"},"modified":"2025-06-19T11:03:07","modified_gmt":"2025-06-19T08:03:07","slug":"bemer-classic-set-evo-b-body","status":"publish","type":"product","link":"https:\/\/bemer.ee\/fi\/tuote\/bemer-classic-set-evo-b-body\/","title":{"rendered":"BEMER Classic-set Evo (B.Body)"},"content":{"rendered":"<p data-start=\"77\" data-end=\"343\"><em data-start=\"77\" data-end=\"117\">BEMER Classic Set Evo (B.Body\/B.Bed)<\/em>* on ideaalne valik n\u00f5udlikele inimestele, kes soovivad kasutada f\u00fc\u00fcsikalist veresoonteraapiat. Komplekti kuulub \u00fcks kahest t\u00e4iskehaplikatsioonist, mis t\u00e4hendab, et saad valida kas <strong data-start=\"298\" data-end=\"312\">B.Body Evo<\/strong> v\u00f5i <strong data-start=\"317\" data-end=\"330\">B.Bed Evo<\/strong> aplikaatori.<\/p>\n<p data-start=\"345\" data-end=\"510\"><strong data-start=\"345\" data-end=\"358\">B.Bed Evo<\/strong>: Sobib suurep\u00e4raselt uneprogrammiks, kuna selle saab kinnitada voodi k\u00fclge.<br data-start=\"434\" data-end=\"437\" \/><strong data-start=\"437\" data-end=\"451\">B.Body Evo<\/strong>: Mitmek\u00fclgne kasutamiseks diivanil, tugitoolis v\u00f5i toolil.<\/p>\n<p data-start=\"512\" data-end=\"788\">Varustus j\u00e4tab v\u00e4he soovida. Uus <strong data-start=\"545\" data-end=\"558\">B.Box Evo<\/strong> juhtseade avaldab muljet selge disaini, kvaliteetsete materjalide ja l\u00e4bim\u00f5eldud ergonoomikaga. Suurt ja selget puuteekraani on imelihtne kasutada ning selle abil saab juhtida kuni kahte rakendusseadet samaaegselt ja iseseisvalt.<\/p>\n<p data-start=\"790\" data-end=\"983\">Lisaks uuenduslikule juhtseadmele sisaldab <strong data-start=\"833\" data-end=\"858\">BEMER Classic Set Evo<\/strong> laia valikut aplikaatoreid ja tarvikuid. Erinevad aplikaatorid edastavad BEMER-signaali otse keha vastavatele piirkondadele.<\/p>\n<p data-start=\"985\" data-end=\"1332\">Olgu tegemist <strong data-start=\"999\" data-end=\"1033\">BEMER Classic Set Evo (B.Body)<\/strong> komplekti kuuluva <strong data-start=\"1052\" data-end=\"1066\">B.Body Evo<\/strong> aplikaatoriga v\u00f5i <strong data-start=\"1085\" data-end=\"1118\">BEMER Classic Set Evo (B.Bed)<\/strong> komplekti kuuluva <strong data-start=\"1137\" data-end=\"1150\">B.Bed Evo<\/strong> aplikaatoriga \u2013 koos kohalike aplikaatoritega, nagu <strong data-start=\"1203\" data-end=\"1216\">B.Pad Evo<\/strong> ja <strong data-start=\"1220\" data-end=\"1234\">B.Spot Evo<\/strong>, sisaldab <strong data-start=\"1245\" data-end=\"1285\">BEMER Classic Set Evo (B.Body\/B.Bed)<\/strong> k\u00f5ike, mida vajad tervislikuks l\u00f5\u00f5gastumiseks.<\/p>\n","protected":false},"excerpt":{"rendered":"<p>BEMER Classic Set Evo (B.Body\/B.Bed)* on ideaalne valik n\u00f5udlikele inimestele, kes soovivad kasutada f\u00fc\u00fcsikalist veresoonteraapiat. Komplekti kuulub \u00fcks kahest t\u00e4iskehaplikatsioonist, mis t\u00e4hendab, et saad valida kas B.Body Evo v\u00f5i B.Bed Evo aplikaatori. B.Bed Evo: Sobib suurep\u00e4raselt uneprogrammiks, kuna selle saab kinnitada voodi k\u00fclge.B.Body Evo: Mitmek\u00fclgne kasutamiseks diivanil, tugitoolis v\u00f5i toolil. Varustus j\u00e4tab v\u00e4he soovida. Uus&#8230;<\/p>\n","protected":false},"featured_media":767,"template":"","meta":{"inline_featured_image":false,"_kad_blocks_custom_css":"","_kad_blocks_head_custom_js":"","_kad_blocks_body_custom_js":"","_kad_blocks_footer_custom_js":"","_kad_post_transparent":"default","_kad_post_title":"","_kad_post_layout":"default","_kad_post_sidebar_id":"","_kad_post_content_style":"default","_kad_post_vertical_padding":"default","_kad_post_feature":"","_kad_post_feature_position":"","_kad_post_header":false,"_kad_post_footer":false,"_kad_post_classname":""},"product_brand":[],"product_cat":[],"product_tag":[],"class_list":{"0":"post-766","1":"product","2":"type-product","3":"status-publish","4":"has-post-thumbnail","7":"first","8":"instock","9":"taxable","10":"shipping-taxable","11":"purchasable","12":"product-type-simple","13":"entry","14":"content-bg","15":"loop-entry"},"taxonomy_info":[],"featured_image_src_large":["https:\/\/bemer.ee\/wp-content\/uploads\/2025\/06\/screenshot-2025-06-19-at-110202-1024x762.png",1024,762,true],"author_info":[],"comment_info":"","_links":{"self":[{"href":"https:\/\/bemer.ee\/fi\/wp-json\/wp\/v2\/product\/766","targetHints":{"allow":["GET"]}}],"collection":[{"href":"https:\/\/bemer.ee\/fi\/wp-json\/wp\/v2\/product"}],"about":[{"href":"https:\/\/bemer.ee\/fi\/wp-json\/wp\/v2\/types\/product"}],"wp:featuredmedia":[{"embeddable":true,"href":"https:\/\/bemer.ee\/fi\/wp-json\/wp\/v2\/media\/767"}],"wp:attachment":[{"href":"https:\/\/bemer.ee\/fi\/wp-json\/wp\/v2\/media?parent=766"}],"wp:term":[{"taxonomy":"product_brand","embeddable":true,"href":"https:\/\/bemer.ee\/fi\/wp-json\/wp\/v2\/product_brand?post=766"},{"taxonomy":"product_cat","embeddable":true,"href":"https:\/\/bemer.ee\/fi\/wp-json\/wp\/v2\/product_cat?post=766"},{"taxonomy":"product_tag","embeddable":true,"href":"https:\/\/bemer.ee\/fi\/wp-json\/wp\/v2\/product_tag?post=766"}],"curies":[{"name":"wp","href":"https:\/\/api.w.org\/{rel}","templated":true}]}}