{"id":771,"date":"2025-06-19T11:06:07","date_gmt":"2025-06-19T08:06:07","guid":{"rendered":"https:\/\/bemer.ee\/?post_type=product&#038;p=771"},"modified":"2025-06-19T11:33:32","modified_gmt":"2025-06-19T08:33:32","slug":"beauty-pack-evo","status":"publish","type":"product","link":"https:\/\/bemer.ee\/fi\/tuote\/beauty-pack-evo\/","title":{"rendered":"Beauty-Pack Evo"},"content":{"rendered":"<p data-start=\"63\" data-end=\"441\"><strong data-start=\"63\" data-end=\"76\">B.Box Evo<\/strong> juhtseadme abil ja mugavalt koos <strong data-start=\"110\" data-end=\"124\">B.Grip Evo<\/strong> hoidikuga kasutatavad valgusraviaparaadid <strong data-start=\"167\" data-end=\"188\">B.Light Clear Evo<\/strong>ja <strong data-start=\"192\" data-end=\"215\">B.Light Restore Evo<\/strong> suunavad nahale intensiivse valguse erinevate madalate lainepikkustega. <strong data-start=\"288\" data-end=\"307\">Premium-Set Evo<\/strong> saab neist t\u00e4iusliku t\u00e4ienduse. <strong data-start=\"340\" data-end=\"374\">Low Level Light Therapy (LLLT)<\/strong> \u2013 nii nimetavad seda eksperdid. K\u00f5lab keeruliselt, aga see ei ole.<\/p>\n<p data-start=\"443\" data-end=\"772\"><strong data-start=\"443\" data-end=\"464\">B.Light Clear Evo<\/strong> raviseade \u00fchendab kauni naha \u00f5rnas hoolduses v\u00e4ga t\u00f5husa punase valguse ja sinise fotobioloogilise valguse. See meetod soodustab energiatihedate \u00fchendite teket naha ja sidekoe rakkudes. Kuna <strong data-start=\"656\" data-end=\"677\">B.Light Clear Evo<\/strong> kasutab eelk\u00f5ige l\u00fchemaid lainepikkusi, sobib see suurep\u00e4raselt naha pindmise kihi hoolduseks.<\/p>\n<p data-start=\"774\" data-end=\"953\"><strong data-start=\"774\" data-end=\"797\">B.Light Restore Evo<\/strong> raviseade \u00fchendab v\u00e4ga t\u00f5husa punase valguse infrapunavalgusega, mille abil selle kasulik toime v\u00f5ib tungida s\u00fcgavamale nahakihtidesse ja isegi nende alla.<\/p>\n<p data-start=\"774\" data-end=\"953\"><strong data-start=\"43\" data-end=\"54\">M\u00e4rkus:<\/strong> Evo- ja Pro\/Classic-sarja tooted ei ole omavahel \u00fchilduvad. <strong data-start=\"115\" data-end=\"134\">B.Box juhtseade<\/strong> on vajalik aplikaatorite ja tarvikute kasutamiseks.<\/p>\n","protected":false},"excerpt":{"rendered":"<p>B.Box Evo juhtseadme abil ja mugavalt koos B.Grip Evo hoidikuga kasutatavad valgusraviaparaadid B.Light Clear Evoja B.Light Restore Evo suunavad nahale intensiivse valguse erinevate madalate lainepikkustega. Premium-Set Evo saab neist t\u00e4iusliku t\u00e4ienduse. Low Level Light Therapy (LLLT) \u2013 nii nimetavad seda eksperdid. K\u00f5lab keeruliselt, aga see ei ole. B.Light Clear Evo raviseade \u00fchendab kauni naha \u00f5rnas&#8230;<\/p>\n","protected":false},"featured_media":772,"template":"","meta":{"inline_featured_image":false,"_kad_blocks_custom_css":"","_kad_blocks_head_custom_js":"","_kad_blocks_body_custom_js":"","_kad_blocks_footer_custom_js":"","_kad_post_transparent":"default","_kad_post_title":"","_kad_post_layout":"default","_kad_post_sidebar_id":"","_kad_post_content_style":"default","_kad_post_vertical_padding":"default","_kad_post_feature":"","_kad_post_feature_position":"","_kad_post_header":false,"_kad_post_footer":false,"_kad_post_classname":""},"product_brand":[],"product_cat":[],"product_tag":[],"class_list":{"0":"post-771","1":"product","2":"type-product","3":"status-publish","4":"has-post-thumbnail","7":"first","8":"instock","9":"taxable","10":"shipping-taxable","11":"purchasable","12":"product-type-simple","13":"entry","14":"content-bg","15":"loop-entry"},"taxonomy_info":[],"featured_image_src_large":["https:\/\/bemer.ee\/wp-content\/uploads\/2025\/06\/screenshot-2025-06-19-at-110828-1024x802.png",1024,802,true],"author_info":[],"comment_info":"","_links":{"self":[{"href":"https:\/\/bemer.ee\/fi\/wp-json\/wp\/v2\/product\/771","targetHints":{"allow":["GET"]}}],"collection":[{"href":"https:\/\/bemer.ee\/fi\/wp-json\/wp\/v2\/product"}],"about":[{"href":"https:\/\/bemer.ee\/fi\/wp-json\/wp\/v2\/types\/product"}],"wp:featuredmedia":[{"embeddable":true,"href":"https:\/\/bemer.ee\/fi\/wp-json\/wp\/v2\/media\/772"}],"wp:attachment":[{"href":"https:\/\/bemer.ee\/fi\/wp-json\/wp\/v2\/media?parent=771"}],"wp:term":[{"taxonomy":"product_brand","embeddable":true,"href":"https:\/\/bemer.ee\/fi\/wp-json\/wp\/v2\/product_brand?post=771"},{"taxonomy":"product_cat","embeddable":true,"href":"https:\/\/bemer.ee\/fi\/wp-json\/wp\/v2\/product_cat?post=771"},{"taxonomy":"product_tag","embeddable":true,"href":"https:\/\/bemer.ee\/fi\/wp-json\/wp\/v2\/product_tag?post=771"}],"curies":[{"name":"wp","href":"https:\/\/api.w.org\/{rel}","templated":true}]}}